{"id":50360,"date":"2020-06-17T16:47:07","date_gmt":"2020-06-17T14:47:07","guid":{"rendered":"https:\/\/www.ajleatherfactory.it\/condizioni-generali\/"},"modified":"2021-01-29T16:03:35","modified_gmt":"2021-01-29T15:03:35","slug":"general-conditions","status":"publish","type":"page","link":"https:\/\/www.ajleatherfactory.it\/en\/general-conditions\/","title":{"rendered":"General conditions"},"content":{"rendered":"<p><strong>Condizioni Generali Contratto<\/strong><\/p>\n<p>Il presente contratto \u00e8 un contratto a distanza ai sensi dell\u2019articolo 50 e ss.Del D.Lgs.6 settembre 2005 n.206 (codice del consumo). Il contratto ha per oggetto la vendita di beni tra<br \/>\nla ditta Adel Ahmad e il consumatore (il cliente).<\/p>\n<p>Il contratto e\u2019 concluso direttamente attraverso l\u2019accettazione da parte di una proposta d\u2019acquisto emessa da parte del Cliente per via telefonica o tramite internet a seguito dell\u2019invito ad offrire contenuto nel sito.<\/p>\n<p><strong>Condizioni di Vendita<\/strong><\/p>\n<p>Gli acquisti dei prodotti, disponibili come illustrati e descritti online nelle relative schede descrittive e tecniche, sono effettuate dal cliente al prezzo indicato sul sito, al momento dell\u2019inoltro della conferma d\u2019ordine, oltre alle spese di trasporto, come visualizzate all\u2019atto dell\u2019acquisto.<\/p>\n<p>Prima della conferma dell\u2019acquisto al cliente, verr\u00e0 riepilogato il costo unitario di ciascun prodotto prescelto, il costo totale in caso di piu\u2019 prodotti e le relative spese di trasporto e nel caso i prezzi siano al netto dell\u2019Iva il totale dell\u2019Iva.<\/p>\n<p><strong>Consegna Prodotti<\/strong><\/p>\n<p>I prodotti acquistati verranno consegnati all\u2019indirizzo di spedizione indicato dal cliente. Indicare sempre un numero di telefono per eventuali comunicazioni o fax o mail.( tempo di consegna entro 10\/gg. lavorativi). Il cliente e\u2019 tenuto a verificare che il pacco sia integro e non danneggiato. Solo dopo tale verifica il cliente dovr\u00e0 accettare la consegna.<br \/>\nNel caso in cui il pacco rappresentasse delle anomalie visive rispetto a quanto sopra asserito, il cliente dovr\u00e0 sollevare la contestazione direttamente al vettore, non ritirare la merce e mandare una mail attraverso il sito o un fax alla Adel Ahmad<\/p>\n<p><strong>Modalit\u00e0 di Pagamento<\/strong><\/p>\n<p>Il pagamento dei prodotti acquistati e le relative spese di spedizione dovranno essere effettuate dal cliente all\u2019atto dell\u2019inoltro della conferma d\u2019ordine mediante utilizzo di una delle carte di credito, contrassegno o bonifico indicati on line.<\/p>\n<p>ATTENZIONE : L\u2019addebito sul conto avviene al momento dell\u2019ordine nel caso di acquisto tramite carta di credito. Nel caso Bonifico Bancario o Assegno\/Vaglia si proceder\u00e0 con la consegna del materiale una volta ricevuto l\u2019accredito.<\/p>\n<p><strong>Garanzia Prodotti<\/strong><\/p>\n<p>1)Tutti i prodotti commercializzati da Adel Ahmad sono coperti dalla garanzia convenzionale di 24 mesi per i difetti di conformit\u00e0, ai sensi del DLgs n. 24\/02. Per fruire dell\u2019assistenza in garanzia, il Cliente dovr\u00e0 conservare la fattura (o il DDT) che ricever\u00e0 insieme ai beni acquistati. Il Cliente potr\u00e0 sempre scaricare dal sito le fatture relative ai suoi acquisti, accedendo all\u2019area riservata.<\/p>\n<p>2) La garanzia di 24 mesi ai sensi del del DLgs n. 24\/02 si applica al prodotto che presenti un difetto di conformit\u00e0, purch\u00e9 lo stesso sia utilizzato correttamente, nel rispetto della sua destinazione d\u2019uso e di quanto previsto nella documentazione allegata. Tale garanzia, in ossequio al Dlgs. N. 24\/92, \u00e8 riservata solo al Consumatore privato (persona fisica che acquista la merce per scopi non riferibili alla propria attivit\u00e0 professionale, ovvero effettua l\u2019acquisto senza indicare nel modulo d\u2019ordine un riferimento di Partita IVA). In caso di difetto di conformit\u00e0,<strong><br \/>\n<\/strong>Adel Ahmad provvede, senza spese per il Cliente, al ripristino della conformit\u00e0 del prodotto mediante sostituzione o alla riduzione del prezzo, fino alla risoluzione del contratto. Se non dovesse risultare un difetto di conformit\u00e0, ai sensi del DLgs n. 24\/02, al Cliente saranno addebitati gli eventuali costi di verifica, nonch\u00e9 i costi di trasporto se sostenuti da Adel Ahmad<\/p>\n<p>3) Nell\u2019ipotesi in cui, per qualsiasi Adel Ahmad non fosse in grado di sostituire un prodotto in garanzia (ripristinato o sostituito), potr\u00e0 procedere, previo consenso del Cliente, alla sostituzione del prodotto stesso (se ancora a listino) oppure con altro di pari caratteristiche e valore o, infine, al rilascio di un buono sconto di pari importo spendibile su un altro prodotto valido per 6 mesi dal momento del rilascio.<\/p>\n<p>4) Nessun danno pu\u00f2 essere richiesto a Adel Ahmad per eventuali ritardi nella sostituzione di prodotti in garanzia.<\/p>\n<p>5) Nei casi in cui l\u2019applicazione delle garanzie preveda la restituzione del prodotto, il bene dovr\u00e0 essere restituito dal Cliente nella confezione originale, completa in tutte le sue parti; per limitare danneggiamenti alla confezione originale, si raccomanda, quando possibile, di inserirla in una seconda scatola; va evitata in tutti i casi l\u2019apposizione di etichette o nastri adesivi direttamente sulla confezione originale del prodotto.<\/p>\n","protected":false},"excerpt":{"rendered":"<p>Condizioni Generali Contratto Il presente contratto \u00e8 un contratto a distanza ai sensi dell\u2019articolo 50 e ss.Del D.Lgs.6 settembre 2005 n.206 (codice del consumo). Il contratto ha per oggetto la vendita di beni tra la ditta Adel Ahmad e il consumatore (il cliente). Il contratto e\u2019 concluso direttamente attraverso l\u2019accettazione da parte di una proposta [&hellip;]<\/p>\n","protected":false},"author":3,"featured_media":0,"parent":0,"menu_order":0,"comment_status":"closed","ping_status":"closed","template":"","meta":{"_et_pb_use_builder":"","_et_pb_old_content":"","_et_gb_content_width":"","ngg_post_thumbnail":0,"footnotes":""},"class_list":["post-50360","page","type-page","status-publish","hentry"],"yoast_head":"<!-- This site is optimized with the Yoast SEO plugin v27.4 - https:\/\/yoast.com\/product\/yoast-seo-wordpress\/ -->\n<title>General conditions - AJ LEATHER FACTORY<\/title>\n<meta name=\"robots\" content=\"index, follow, max-snippet:-1, max-image-preview:large, max-video-preview:-1\" \/>\n<link rel=\"canonical\" href=\"https:\/\/www.ajleatherfactory.it\/en\/general-conditions\/\" \/>\n<meta property=\"og:locale\" content=\"en_US\" \/>\n<meta property=\"og:type\" content=\"article\" \/>\n<meta property=\"og:title\" content=\"General conditions - AJ LEATHER FACTORY\" \/>\n<meta property=\"og:description\" content=\"Condizioni Generali Contratto Il presente contratto \u00e8 un contratto a distanza ai sensi dell\u2019articolo 50 e ss.Del D.Lgs.6 settembre 2005 n.206 (codice del consumo). Il contratto ha per oggetto la vendita di beni tra la ditta Adel Ahmad e il consumatore (il cliente). Il contratto e\u2019 concluso direttamente attraverso l\u2019accettazione da parte di una proposta [&hellip;]\" \/>\n<meta property=\"og:url\" content=\"https:\/\/www.ajleatherfactory.it\/en\/general-conditions\/\" \/>\n<meta property=\"og:site_name\" content=\"AJ LEATHER FACTORY\" \/>\n<meta property=\"article:modified_time\" content=\"2021-01-29T15:03:35+00:00\" \/>\n<meta name=\"twitter:card\" content=\"summary_large_image\" \/>\n<meta name=\"twitter:label1\" content=\"Est. reading time\" \/>\n\t<meta name=\"twitter:data1\" content=\"4 minutes\" \/>\n<script type=\"application\/ld+json\" class=\"yoast-schema-graph\">{\"@context\":\"https:\\\/\\\/schema.org\",\"@graph\":[{\"@type\":\"WebPage\",\"@id\":\"https:\\\/\\\/www.ajleatherfactory.it\\\/en\\\/general-conditions\\\/\",\"url\":\"https:\\\/\\\/www.ajleatherfactory.it\\\/en\\\/general-conditions\\\/\",\"name\":\"General conditions - AJ LEATHER FACTORY\",\"isPartOf\":{\"@id\":\"https:\\\/\\\/www.ajleatherfactory.it\\\/#website\"},\"datePublished\":\"2020-06-17T14:47:07+00:00\",\"dateModified\":\"2021-01-29T15:03:35+00:00\",\"breadcrumb\":{\"@id\":\"https:\\\/\\\/www.ajleatherfactory.it\\\/en\\\/general-conditions\\\/#breadcrumb\"},\"inLanguage\":\"en-US\",\"potentialAction\":[{\"@type\":\"ReadAction\",\"target\":[\"https:\\\/\\\/www.ajleatherfactory.it\\\/en\\\/general-conditions\\\/\"]}]},{\"@type\":\"BreadcrumbList\",\"@id\":\"https:\\\/\\\/www.ajleatherfactory.it\\\/en\\\/general-conditions\\\/#breadcrumb\",\"itemListElement\":[{\"@type\":\"ListItem\",\"position\":1,\"name\":\"Home\",\"item\":\"https:\\\/\\\/www.ajleatherfactory.it\\\/en\\\/\"},{\"@type\":\"ListItem\",\"position\":2,\"name\":\"General conditions\"}]},{\"@type\":\"WebSite\",\"@id\":\"https:\\\/\\\/www.ajleatherfactory.it\\\/#website\",\"url\":\"https:\\\/\\\/www.ajleatherfactory.it\\\/\",\"name\":\"AJ LEATHER FACTORY\",\"description\":\"\",\"potentialAction\":[{\"@type\":\"SearchAction\",\"target\":{\"@type\":\"EntryPoint\",\"urlTemplate\":\"https:\\\/\\\/www.ajleatherfactory.it\\\/?s={search_term_string}\"},\"query-input\":{\"@type\":\"PropertyValueSpecification\",\"valueRequired\":true,\"valueName\":\"search_term_string\"}}],\"inLanguage\":\"en-US\"}]}<\/script>\n<!-- \/ Yoast SEO plugin. -->","yoast_head_json":{"title":"General conditions - AJ LEATHER FACTORY","robots":{"index":"index","follow":"follow","max-snippet":"max-snippet:-1","max-image-preview":"max-image-preview:large","max-video-preview":"max-video-preview:-1"},"canonical":"https:\/\/www.ajleatherfactory.it\/en\/general-conditions\/","og_locale":"en_US","og_type":"article","og_title":"General conditions - AJ LEATHER FACTORY","og_description":"Condizioni Generali Contratto Il presente contratto \u00e8 un contratto a distanza ai sensi dell\u2019articolo 50 e ss.Del D.Lgs.6 settembre 2005 n.206 (codice del consumo). Il contratto ha per oggetto la vendita di beni tra la ditta Adel Ahmad e il consumatore (il cliente). Il contratto e\u2019 concluso direttamente attraverso l\u2019accettazione da parte di una proposta [&hellip;]","og_url":"https:\/\/www.ajleatherfactory.it\/en\/general-conditions\/","og_site_name":"AJ LEATHER FACTORY","article_modified_time":"2021-01-29T15:03:35+00:00","twitter_card":"summary_large_image","twitter_misc":{"Est. reading time":"4 minutes"},"schema":{"@context":"https:\/\/schema.org","@graph":[{"@type":"WebPage","@id":"https:\/\/www.ajleatherfactory.it\/en\/general-conditions\/","url":"https:\/\/www.ajleatherfactory.it\/en\/general-conditions\/","name":"General conditions - AJ LEATHER FACTORY","isPartOf":{"@id":"https:\/\/www.ajleatherfactory.it\/#website"},"datePublished":"2020-06-17T14:47:07+00:00","dateModified":"2021-01-29T15:03:35+00:00","breadcrumb":{"@id":"https:\/\/www.ajleatherfactory.it\/en\/general-conditions\/#breadcrumb"},"inLanguage":"en-US","potentialAction":[{"@type":"ReadAction","target":["https:\/\/www.ajleatherfactory.it\/en\/general-conditions\/"]}]},{"@type":"BreadcrumbList","@id":"https:\/\/www.ajleatherfactory.it\/en\/general-conditions\/#breadcrumb","itemListElement":[{"@type":"ListItem","position":1,"name":"Home","item":"https:\/\/www.ajleatherfactory.it\/en\/"},{"@type":"ListItem","position":2,"name":"General conditions"}]},{"@type":"WebSite","@id":"https:\/\/www.ajleatherfactory.it\/#website","url":"https:\/\/www.ajleatherfactory.it\/","name":"AJ LEATHER FACTORY","description":"","potentialAction":[{"@type":"SearchAction","target":{"@type":"EntryPoint","urlTemplate":"https:\/\/www.ajleatherfactory.it\/?s={search_term_string}"},"query-input":{"@type":"PropertyValueSpecification","valueRequired":true,"valueName":"search_term_string"}}],"inLanguage":"en-US"}]}},"_links":{"self":[{"href":"https:\/\/www.ajleatherfactory.it\/en\/wp-json\/wp\/v2\/pages\/50360","targetHints":{"allow":["GET"]}}],"collection":[{"href":"https:\/\/www.ajleatherfactory.it\/en\/wp-json\/wp\/v2\/pages"}],"about":[{"href":"https:\/\/www.ajleatherfactory.it\/en\/wp-json\/wp\/v2\/types\/page"}],"author":[{"embeddable":true,"href":"https:\/\/www.ajleatherfactory.it\/en\/wp-json\/wp\/v2\/users\/3"}],"replies":[{"embeddable":true,"href":"https:\/\/www.ajleatherfactory.it\/en\/wp-json\/wp\/v2\/comments?post=50360"}],"version-history":[{"count":0,"href":"https:\/\/www.ajleatherfactory.it\/en\/wp-json\/wp\/v2\/pages\/50360\/revisions"}],"wp:attachment":[{"href":"https:\/\/www.ajleatherfactory.it\/en\/wp-json\/wp\/v2\/media?parent=50360"}],"curies":[{"name":"wp","href":"https:\/\/api.w.org\/{rel}","templated":true}]}}